{"id":566,"date":"2025-01-06T15:07:50","date_gmt":"2025-01-06T14:07:50","guid":{"rendered":"https:\/\/www.iupi.be\/home\/"},"modified":"2025-10-13T13:08:31","modified_gmt":"2025-10-13T11:08:31","slug":"home","status":"publish","type":"page","link":"http:\/\/www.iupi.be\/en\/","title":{"rendered":"Home"},"content":{"rendered":"\n<h1>\n\t\t\tBienvenue chez Iupi\t<\/h1>\n\t\t\t\t\t\t\t\t\t<img decoding=\"async\" src=\"https:\/\/www.iupi.be\/wp-content\/uploads\/bb-plugin\/cache\/spa-square.jpg\" alt=\"G\u00eete \u00e0 Durbuy - Spa\" itemprop=\"image\" title=\"spa\" onerror=\"this.style.display='none'\"  \/>\n\t\t\t\t\t\t<h2>Bienvenue dans votre havre de paix \u00e0 Durbuy, nos maisons de vacances o\u00f9 le sourire est roi.\u00a0<\/h2>\t\t\t\t\t\n\t\t\t<p>Au coeur de la Fagne-Famenne, \u00e0 W\u00e9ris, l&#8217;un des Plus Beaux Villages de Wallonie, nos g\u00eetes Iupi vous accueillent dans un cadre enchanteur. Profitez de paysages \u00e0 couper le souffle, de pierres l\u00e9gendaires et du site m\u00e9galithique le mieux conserv\u00e9 de Wallonie. D\u00e9couvrez le luxe et la nouveaut\u00e9 de nos h\u00e9bergements, o\u00f9 confort et \u00e9l\u00e9gance se rencontrent pour offrir une exp\u00e9rience inoubliable.\u00a0<\/p>\t\t\n\t\t\t\t<a href=\"https:\/\/www.iupi.be\/index.php\/reservation-tarifs\/\" role=\"button\" target=\"_self\">\n\t\t\t\t\t\t\t\t\t\tR\u00e9servez votre s\u00e9jour\n\t\t\t\t\t\t\t\t\t<\/a>\n<h2>\n\t\t\tLes G\u00eetes\u00a0\t<\/h2>\n\t\t\t\t\t\t<h2>Iupi&#8217;Day<\/h2>\t\t\t\t\t\n\t\t\t<p>Iupi&#8217;Day, une bulle d&#8217;\u00e9vasion o\u00f9 le bois chaleureux \u00e9pouse la douceur d&#8217;un confort moderne.Ici, chaque instant est une invitation \u00e0 respirer l&#8217;air pur, \u00e0 \u00e9couter le murmure du vent dans les arbres, \u00e0 sentir la chaleur r\u00e9confortante du chalet qui enveloppe petits et grands.<\/p>\t\t\n\t\t\t\t<a href=\"https:\/\/www.iupi.be\/index.php\/gite-iupiday\/\" role=\"button\" target=\"_self\">\n\t\t\t\t\t\t\t\t\t\tD\u00e9couvrir\n\t\t\t\t\t\t\t\t\t<\/a>\n\t\t\t\t\t\t<h2>Iupi&#8217;Doo<\/h2>\t\t\t\t\t\n\t\t\t<p>Iupi&#8217;Doo, un \u00e9crin de s\u00e9r\u00e9nit\u00e9 o\u00f9 le bois noble rencontre le raffinement d&#8217;un confort moderne.Dans ce g\u00eete, chaque d\u00e9tail est pens\u00e9 pour une immersion totale dans la nature et l&#8217;\u00e9l\u00e9gance, offrant un \u00e9quilibre parfait entre authenticit\u00e9 et haut standing.<\/p>\t\t\n\t\t\t\t<a href=\"https:\/\/www.iupi.be\/index.php\/gite-iupidoo\/\" role=\"button\" target=\"_self\">\n\t\t\t\t\t\t\t\t\t\tD\u00e9couvrir\n\t\t\t\t\t\t\t\t\t<\/a>\n\t\t\tProfitez de notre\n\t\t<h2>\n\t\t\tEspace D\u00e9tente\n\t\t<\/h2>\n\t\t\t<p>Un espace con\u00e7u pour votre bien-\u00eatre<\/p>\t\t\n    <img decoding=\"async\" src=\"http:\/\/www.iupi.be\/wp-content\/uploads\/2025\/06\/hot-bath.png\" alt=\"Jacuzzi\" \/>\n<p><strong>Jacuzzi<\/strong> : Profitez d&#8217;un bain bouillonnant sous les \u00e9toiles.<\/p>\n\n\n    <img decoding=\"async\" src=\"http:\/\/www.iupi.be\/wp-content\/uploads\/2025\/06\/sauna.png\" alt=\"Sauna\" \/>\n<p><strong>Sauna<\/strong> : D\u00e9tendez-vous et \u00e9liminez le stress.<\/p>\n\n\n    <img decoding=\"async\" src=\"http:\/\/www.iupi.be\/wp-content\/uploads\/2025\/06\/billiard-ball.png\" alt=\"Salle de billard\" \/>\n<p><strong>Salle de billard<\/strong> : Moments conviviaux entre amis ou en famille.<\/p>\n\n\n\t<p>Un moment rien que pour vous!<\/p>\n\t\t\tDes options pour\n\t\t<h2>\n\t\t\tUn s\u00e9jour sur mesure\n\t\t<\/h2>\n\t\t\t<p>Les petits plus qui feront toute la diff\u00e9rence.<\/p>\t\t\n    <img decoding=\"async\" src=\"http:\/\/www.iupi.be\/wp-content\/uploads\/2025\/07\/body-massage.png\" alt=\"Massages\" \/>\n      <strong>Massages<\/strong> sportif, relaxant, femme enceinte, enfant, corps ou cr\u00e2ne&#8230; chacun trouvera son moment de d\u00e9tente parfait. (Prestation au g\u00eete).\n\n    <img decoding=\"async\" src=\"http:\/\/www.iupi.be\/wp-content\/uploads\/2025\/06\/chef.png\" alt=\"Chef \u00e0 domicile\" \/>\n      <strong>Chef \u00e0 domicile<\/strong> : Un repas gastronomique pr\u00e9par\u00e9 sur place.\n\n    <img decoding=\"async\" src=\"http:\/\/www.iupi.be\/wp-content\/uploads\/2025\/06\/breakfast.png\" alt=\"Petit-d\u00e9jeuner\" \/>\n      <strong>Petit-d\u00e9jeuner<\/strong> : Commencez la journ\u00e9e avec un d\u00e9licieux buffet.\n\n    <img decoding=\"async\" src=\"http:\/\/www.iupi.be\/wp-content\/uploads\/2025\/06\/mop.png\" alt=\"M\u00e9nage optimis\u00e9\" \/>\n      <strong>M\u00e9nage optimis\u00e9<\/strong> : Service de m\u00e9nage interm\u00e9diaire valable sur les s\u00e9jours d&#8217;au moins 6 nuits.\n\n\t<p><em>(sous r\u00e9servation pr\u00e9alable et sous r\u00e9serve de disponibilit\u00e9s de nos partenaires)<\/em><\/p>\n\t\t\t<a href=\"https:\/\/www.iupi.be\/index.php\/reservation-tarifs\/\" target=\"_self\">\n\t\t\t\t\t\t\tR\u00e9server\n\t\t\t\t\t<\/a>\n<h2>\n\t\t\tLes T\u00e9moignages\t<\/h2>\n\t<p>plugin<\/p>\n<h2>\n\t\t\tO\u00f9 se situent nos g\u00eetes\t<\/h2>\n\t<iframe src=\"https:\/\/www.google.com\/maps\/embed\/v1\/place?q=All%C3%A9e+des+Closeries+202+et+203+6940+Durbuy&#038;key=AIzaSyD09zQ9PNDNNy9TadMuzRV_UsPUoWKntt8\" aria-hidden=\"true\" title=\"G\u00eete\"><\/iframe>\n\n","protected":false},"excerpt":{"rendered":"<p>Bienvenue chez Iupi Bienvenue dans votre havre de paix \u00e0 Durbuy, nos maisons de vacances o\u00f9 le sourire est roi.\u00a0 Au coeur de la Fagne-Famenne, \u00e0 W\u00e9ris, l&#8217;un des Plus Beaux Villages de Wallonie, nos g\u00eetes Iupi vous accueillent dans un cadre enchanteur. Profitez de paysages \u00e0 couper le souffle, de pierres l\u00e9gendaires et du&hellip;<\/p>\n","protected":false},"author":2,"featured_media":0,"parent":0,"menu_order":0,"comment_status":"closed","ping_status":"closed","template":"","meta":{"footnotes":""},"class_list":["post-566","page","type-page","status-publish","hentry"],"yoast_head":"<!-- This site is optimized with the Yoast SEO plugin v26.1.1 - https:\/\/yoast.com\/wordpress\/plugins\/seo\/ -->\n<title>Guest house dream in Durbuy - Iupi<\/title>\n<meta name=\"description\" content=\"Looking for a guest house where you can relax with a tailor-made stay? Our vacation homes tick all the boxes.\" \/>\n<meta name=\"robots\" content=\"index, follow, max-snippet:-1, max-image-preview:large, max-video-preview:-1\" \/>\n<link rel=\"canonical\" href=\"http:\/\/www.iupi.be\/en\/\" \/>\n<meta property=\"og:locale\" content=\"en_US\" \/>\n<meta property=\"og:type\" content=\"article\" \/>\n<meta property=\"og:title\" content=\"Guest house dream in Durbuy - Iupi\" \/>\n<meta property=\"og:description\" content=\"Looking for a guest house where you can relax with a tailor-made stay? Our vacation homes tick all the boxes.\" \/>\n<meta property=\"og:url\" content=\"http:\/\/www.iupi.be\/en\/\" \/>\n<meta property=\"og:site_name\" content=\"Iupi\" \/>\n<meta property=\"article:modified_time\" content=\"2025-10-13T11:08:31+00:00\" \/>\n<meta property=\"og:image\" content=\"https:\/\/www.iupi.be\/wp-content\/uploads\/bb-plugin\/cache\/spa-square.jpg\" \/>\n<meta name=\"twitter:card\" content=\"summary_large_image\" \/>\n<meta name=\"twitter:label1\" content=\"Est. reading time\" \/>\n\t<meta name=\"twitter:data1\" content=\"2 minutes\" \/>\n<script type=\"application\/ld+json\" class=\"yoast-schema-graph\">{\"@context\":\"https:\/\/schema.org\",\"@graph\":[{\"@type\":\"WebPage\",\"@id\":\"http:\/\/www.iupi.be\/en\/\",\"url\":\"http:\/\/www.iupi.be\/en\/\",\"name\":\"Guest house dream in Durbuy - Iupi\",\"isPartOf\":{\"@id\":\"http:\/\/www.iupi.be\/en\/#website\"},\"primaryImageOfPage\":{\"@id\":\"http:\/\/www.iupi.be\/en\/#primaryimage\"},\"image\":{\"@id\":\"http:\/\/www.iupi.be\/en\/#primaryimage\"},\"thumbnailUrl\":\"https:\/\/www.iupi.be\/wp-content\/uploads\/bb-plugin\/cache\/spa-square.jpg\",\"datePublished\":\"2025-01-06T14:07:50+00:00\",\"dateModified\":\"2025-10-13T11:08:31+00:00\",\"description\":\"Looking for a guest house where you can relax with a tailor-made stay? Our vacation homes tick all the boxes.\",\"breadcrumb\":{\"@id\":\"http:\/\/www.iupi.be\/en\/#breadcrumb\"},\"inLanguage\":\"en-US\",\"potentialAction\":[{\"@type\":\"ReadAction\",\"target\":[\"http:\/\/www.iupi.be\/en\/\"]}]},{\"@type\":\"ImageObject\",\"inLanguage\":\"en-US\",\"@id\":\"http:\/\/www.iupi.be\/en\/#primaryimage\",\"url\":\"https:\/\/www.iupi.be\/wp-content\/uploads\/bb-plugin\/cache\/spa-square.jpg\",\"contentUrl\":\"https:\/\/www.iupi.be\/wp-content\/uploads\/bb-plugin\/cache\/spa-square.jpg\"},{\"@type\":\"BreadcrumbList\",\"@id\":\"http:\/\/www.iupi.be\/en\/#breadcrumb\",\"itemListElement\":[{\"@type\":\"ListItem\",\"position\":1,\"name\":\"Home\",\"item\":\"http:\/\/www.iupi.be\/en\/\"},{\"@type\":\"ListItem\",\"position\":2,\"name\":\"Home\"}]},{\"@type\":\"WebSite\",\"@id\":\"http:\/\/www.iupi.be\/en\/#website\",\"url\":\"http:\/\/www.iupi.be\/en\/\",\"name\":\"Iupi - G\u00eetes \u00e0 Durbuy\",\"description\":\"Votre havre de paix \u00e0 Durbuy\",\"publisher\":{\"@id\":\"http:\/\/www.iupi.be\/en\/#organization\"},\"potentialAction\":[{\"@type\":\"SearchAction\",\"target\":{\"@type\":\"EntryPoint\",\"urlTemplate\":\"http:\/\/www.iupi.be\/en\/?s={search_term_string}\"},\"query-input\":{\"@type\":\"PropertyValueSpecification\",\"valueRequired\":true,\"valueName\":\"search_term_string\"}}],\"inLanguage\":\"en-US\"},{\"@type\":\"Organization\",\"@id\":\"http:\/\/www.iupi.be\/en\/#organization\",\"name\":\"Iupi\",\"url\":\"http:\/\/www.iupi.be\/en\/\",\"logo\":{\"@type\":\"ImageObject\",\"inLanguage\":\"en-US\",\"@id\":\"http:\/\/www.iupi.be\/en\/#\/schema\/logo\/image\/\",\"url\":\"https:\/\/www.iupi.be\/wp-content\/uploads\/2025\/01\/Iupi_Logo_couleurs.png\",\"contentUrl\":\"https:\/\/www.iupi.be\/wp-content\/uploads\/2025\/01\/Iupi_Logo_couleurs.png\",\"width\":240,\"height\":303,\"caption\":\"Iupi\"},\"image\":{\"@id\":\"http:\/\/www.iupi.be\/en\/#\/schema\/logo\/image\/\"}}]}<\/script>\n<!-- \/ Yoast SEO plugin. -->","yoast_head_json":{"title":"Guest house dream in Durbuy - Iupi","description":"Looking for a guest house where you can relax with a tailor-made stay? Our vacation homes tick all the boxes.","robots":{"index":"index","follow":"follow","max-snippet":"max-snippet:-1","max-image-preview":"max-image-preview:large","max-video-preview":"max-video-preview:-1"},"canonical":"http:\/\/www.iupi.be\/en\/","og_locale":"en_US","og_type":"article","og_title":"Guest house dream in Durbuy - Iupi","og_description":"Looking for a guest house where you can relax with a tailor-made stay? Our vacation homes tick all the boxes.","og_url":"http:\/\/www.iupi.be\/en\/","og_site_name":"Iupi","article_modified_time":"2025-10-13T11:08:31+00:00","og_image":[{"url":"https:\/\/www.iupi.be\/wp-content\/uploads\/bb-plugin\/cache\/spa-square.jpg","type":"","width":"","height":""}],"twitter_card":"summary_large_image","twitter_misc":{"Est. reading time":"2 minutes"},"schema":{"@context":"https:\/\/schema.org","@graph":[{"@type":"WebPage","@id":"http:\/\/www.iupi.be\/en\/","url":"http:\/\/www.iupi.be\/en\/","name":"Guest house dream in Durbuy - Iupi","isPartOf":{"@id":"http:\/\/www.iupi.be\/en\/#website"},"primaryImageOfPage":{"@id":"http:\/\/www.iupi.be\/en\/#primaryimage"},"image":{"@id":"http:\/\/www.iupi.be\/en\/#primaryimage"},"thumbnailUrl":"https:\/\/www.iupi.be\/wp-content\/uploads\/bb-plugin\/cache\/spa-square.jpg","datePublished":"2025-01-06T14:07:50+00:00","dateModified":"2025-10-13T11:08:31+00:00","description":"Looking for a guest house where you can relax with a tailor-made stay? Our vacation homes tick all the boxes.","breadcrumb":{"@id":"http:\/\/www.iupi.be\/en\/#breadcrumb"},"inLanguage":"en-US","potentialAction":[{"@type":"ReadAction","target":["http:\/\/www.iupi.be\/en\/"]}]},{"@type":"ImageObject","inLanguage":"en-US","@id":"http:\/\/www.iupi.be\/en\/#primaryimage","url":"https:\/\/www.iupi.be\/wp-content\/uploads\/bb-plugin\/cache\/spa-square.jpg","contentUrl":"https:\/\/www.iupi.be\/wp-content\/uploads\/bb-plugin\/cache\/spa-square.jpg"},{"@type":"BreadcrumbList","@id":"http:\/\/www.iupi.be\/en\/#breadcrumb","itemListElement":[{"@type":"ListItem","position":1,"name":"Home","item":"http:\/\/www.iupi.be\/en\/"},{"@type":"ListItem","position":2,"name":"Home"}]},{"@type":"WebSite","@id":"http:\/\/www.iupi.be\/en\/#website","url":"http:\/\/www.iupi.be\/en\/","name":"Iupi - G\u00eetes \u00e0 Durbuy","description":"Votre havre de paix \u00e0 Durbuy","publisher":{"@id":"http:\/\/www.iupi.be\/en\/#organization"},"potentialAction":[{"@type":"SearchAction","target":{"@type":"EntryPoint","urlTemplate":"http:\/\/www.iupi.be\/en\/?s={search_term_string}"},"query-input":{"@type":"PropertyValueSpecification","valueRequired":true,"valueName":"search_term_string"}}],"inLanguage":"en-US"},{"@type":"Organization","@id":"http:\/\/www.iupi.be\/en\/#organization","name":"Iupi","url":"http:\/\/www.iupi.be\/en\/","logo":{"@type":"ImageObject","inLanguage":"en-US","@id":"http:\/\/www.iupi.be\/en\/#\/schema\/logo\/image\/","url":"https:\/\/www.iupi.be\/wp-content\/uploads\/2025\/01\/Iupi_Logo_couleurs.png","contentUrl":"https:\/\/www.iupi.be\/wp-content\/uploads\/2025\/01\/Iupi_Logo_couleurs.png","width":240,"height":303,"caption":"Iupi"},"image":{"@id":"http:\/\/www.iupi.be\/en\/#\/schema\/logo\/image\/"}}]}},"_links":{"self":[{"href":"http:\/\/www.iupi.be\/en\/wp-json\/wp\/v2\/pages\/566","targetHints":{"allow":["GET"]}}],"collection":[{"href":"http:\/\/www.iupi.be\/en\/wp-json\/wp\/v2\/pages"}],"about":[{"href":"http:\/\/www.iupi.be\/en\/wp-json\/wp\/v2\/types\/page"}],"author":[{"embeddable":true,"href":"http:\/\/www.iupi.be\/en\/wp-json\/wp\/v2\/users\/2"}],"replies":[{"embeddable":true,"href":"http:\/\/www.iupi.be\/en\/wp-json\/wp\/v2\/comments?post=566"}],"version-history":[{"count":2,"href":"http:\/\/www.iupi.be\/en\/wp-json\/wp\/v2\/pages\/566\/revisions"}],"predecessor-version":[{"id":791,"href":"http:\/\/www.iupi.be\/en\/wp-json\/wp\/v2\/pages\/566\/revisions\/791"}],"wp:attachment":[{"href":"http:\/\/www.iupi.be\/en\/wp-json\/wp\/v2\/media?parent=566"}],"curies":[{"name":"wp","href":"https:\/\/api.w.org\/{rel}","templated":true}]}}