{"id":568,"date":"2025-01-06T15:07:50","date_gmt":"2025-01-06T14:07:50","guid":{"rendered":"https:\/\/www.iupi.be\/home\/"},"modified":"2025-07-11T17:16:15","modified_gmt":"2025-07-11T15:16:15","slug":"home","status":"publish","type":"page","link":"http:\/\/www.iupi.be\/nl\/","title":{"rendered":"Home"},"content":{"rendered":"","protected":false},"excerpt":{"rendered":"","protected":false},"author":2,"featured_media":0,"parent":0,"menu_order":0,"comment_status":"closed","ping_status":"closed","template":"","meta":{"footnotes":""},"class_list":["post-568","page","type-page","status-publish","hentry"],"yoast_head":"<!-- This site is optimized with the Yoast SEO plugin v26.1.1 - https:\/\/yoast.com\/wordpress\/plugins\/seo\/ -->\n<title>Vakantiewoning de r\u00eave in Durbuy - Iupi<\/title>\n<meta name=\"description\" content=\"Op zoek naar een vakantiewoning waar je kunt ontspannen met een verblijf op maat? Onze vakantiehuizen voldoen aan alle eisen.\" \/>\n<meta name=\"robots\" content=\"index, follow, max-snippet:-1, max-image-preview:large, max-video-preview:-1\" \/>\n<link rel=\"canonical\" href=\"http:\/\/www.iupi.be\/nl\/\" \/>\n<meta property=\"og:locale\" content=\"nl_NL\" \/>\n<meta property=\"og:type\" content=\"article\" \/>\n<meta property=\"og:title\" content=\"Vakantiewoning de r\u00eave in Durbuy - Iupi\" \/>\n<meta property=\"og:description\" content=\"Op zoek naar een vakantiewoning waar je kunt ontspannen met een verblijf op maat? Onze vakantiehuizen voldoen aan alle eisen.\" \/>\n<meta property=\"og:url\" content=\"http:\/\/www.iupi.be\/nl\/\" \/>\n<meta property=\"og:site_name\" content=\"Iupi\" \/>\n<meta property=\"article:modified_time\" content=\"2025-07-11T15:16:15+00:00\" \/>\n<meta name=\"twitter:card\" content=\"summary_large_image\" \/>\n<script type=\"application\/ld+json\" class=\"yoast-schema-graph\">{\"@context\":\"https:\/\/schema.org\",\"@graph\":[{\"@type\":\"WebPage\",\"@id\":\"http:\/\/www.iupi.be\/nl\/\",\"url\":\"http:\/\/www.iupi.be\/nl\/\",\"name\":\"Vakantiewoning de r\u00eave in Durbuy - Iupi\",\"isPartOf\":{\"@id\":\"http:\/\/www.iupi.be\/nl\/#website\"},\"datePublished\":\"2025-01-06T14:07:50+00:00\",\"dateModified\":\"2025-07-11T15:16:15+00:00\",\"description\":\"Op zoek naar een vakantiewoning waar je kunt ontspannen met een verblijf op maat? Onze vakantiehuizen voldoen aan alle eisen.\",\"breadcrumb\":{\"@id\":\"http:\/\/www.iupi.be\/nl\/#breadcrumb\"},\"inLanguage\":\"nl-NL\",\"potentialAction\":[{\"@type\":\"ReadAction\",\"target\":[\"http:\/\/www.iupi.be\/nl\/\"]}]},{\"@type\":\"BreadcrumbList\",\"@id\":\"http:\/\/www.iupi.be\/nl\/#breadcrumb\",\"itemListElement\":[{\"@type\":\"ListItem\",\"position\":1,\"name\":\"Accueil\",\"item\":\"http:\/\/www.iupi.be\/nl\/\"},{\"@type\":\"ListItem\",\"position\":2,\"name\":\"Home\"}]},{\"@type\":\"WebSite\",\"@id\":\"http:\/\/www.iupi.be\/nl\/#website\",\"url\":\"http:\/\/www.iupi.be\/nl\/\",\"name\":\"Iupi - G\u00eetes \u00e0 Durbuy\",\"description\":\"Votre havre de paix \u00e0 Durbuy\",\"publisher\":{\"@id\":\"http:\/\/www.iupi.be\/nl\/#organization\"},\"potentialAction\":[{\"@type\":\"SearchAction\",\"target\":{\"@type\":\"EntryPoint\",\"urlTemplate\":\"http:\/\/www.iupi.be\/nl\/?s={search_term_string}\"},\"query-input\":{\"@type\":\"PropertyValueSpecification\",\"valueRequired\":true,\"valueName\":\"search_term_string\"}}],\"inLanguage\":\"nl-NL\"},{\"@type\":\"Organization\",\"@id\":\"http:\/\/www.iupi.be\/nl\/#organization\",\"name\":\"Iupi\",\"url\":\"http:\/\/www.iupi.be\/nl\/\",\"logo\":{\"@type\":\"ImageObject\",\"inLanguage\":\"nl-NL\",\"@id\":\"http:\/\/www.iupi.be\/nl\/#\/schema\/logo\/image\/\",\"url\":\"https:\/\/www.iupi.be\/wp-content\/uploads\/2025\/01\/Iupi_Logo_couleurs.png\",\"contentUrl\":\"https:\/\/www.iupi.be\/wp-content\/uploads\/2025\/01\/Iupi_Logo_couleurs.png\",\"width\":240,\"height\":303,\"caption\":\"Iupi\"},\"image\":{\"@id\":\"http:\/\/www.iupi.be\/nl\/#\/schema\/logo\/image\/\"}}]}<\/script>\n<!-- \/ Yoast SEO plugin. -->","yoast_head_json":{"title":"Vakantiewoning de r\u00eave in Durbuy - Iupi","description":"Op zoek naar een vakantiewoning waar je kunt ontspannen met een verblijf op maat? Onze vakantiehuizen voldoen aan alle eisen.","robots":{"index":"index","follow":"follow","max-snippet":"max-snippet:-1","max-image-preview":"max-image-preview:large","max-video-preview":"max-video-preview:-1"},"canonical":"http:\/\/www.iupi.be\/nl\/","og_locale":"nl_NL","og_type":"article","og_title":"Vakantiewoning de r\u00eave in Durbuy - Iupi","og_description":"Op zoek naar een vakantiewoning waar je kunt ontspannen met een verblijf op maat? Onze vakantiehuizen voldoen aan alle eisen.","og_url":"http:\/\/www.iupi.be\/nl\/","og_site_name":"Iupi","article_modified_time":"2025-07-11T15:16:15+00:00","twitter_card":"summary_large_image","schema":{"@context":"https:\/\/schema.org","@graph":[{"@type":"WebPage","@id":"http:\/\/www.iupi.be\/nl\/","url":"http:\/\/www.iupi.be\/nl\/","name":"Vakantiewoning de r\u00eave in Durbuy - Iupi","isPartOf":{"@id":"http:\/\/www.iupi.be\/nl\/#website"},"datePublished":"2025-01-06T14:07:50+00:00","dateModified":"2025-07-11T15:16:15+00:00","description":"Op zoek naar een vakantiewoning waar je kunt ontspannen met een verblijf op maat? Onze vakantiehuizen voldoen aan alle eisen.","breadcrumb":{"@id":"http:\/\/www.iupi.be\/nl\/#breadcrumb"},"inLanguage":"nl-NL","potentialAction":[{"@type":"ReadAction","target":["http:\/\/www.iupi.be\/nl\/"]}]},{"@type":"BreadcrumbList","@id":"http:\/\/www.iupi.be\/nl\/#breadcrumb","itemListElement":[{"@type":"ListItem","position":1,"name":"Accueil","item":"http:\/\/www.iupi.be\/nl\/"},{"@type":"ListItem","position":2,"name":"Home"}]},{"@type":"WebSite","@id":"http:\/\/www.iupi.be\/nl\/#website","url":"http:\/\/www.iupi.be\/nl\/","name":"Iupi - G\u00eetes \u00e0 Durbuy","description":"Votre havre de paix \u00e0 Durbuy","publisher":{"@id":"http:\/\/www.iupi.be\/nl\/#organization"},"potentialAction":[{"@type":"SearchAction","target":{"@type":"EntryPoint","urlTemplate":"http:\/\/www.iupi.be\/nl\/?s={search_term_string}"},"query-input":{"@type":"PropertyValueSpecification","valueRequired":true,"valueName":"search_term_string"}}],"inLanguage":"nl-NL"},{"@type":"Organization","@id":"http:\/\/www.iupi.be\/nl\/#organization","name":"Iupi","url":"http:\/\/www.iupi.be\/nl\/","logo":{"@type":"ImageObject","inLanguage":"nl-NL","@id":"http:\/\/www.iupi.be\/nl\/#\/schema\/logo\/image\/","url":"https:\/\/www.iupi.be\/wp-content\/uploads\/2025\/01\/Iupi_Logo_couleurs.png","contentUrl":"https:\/\/www.iupi.be\/wp-content\/uploads\/2025\/01\/Iupi_Logo_couleurs.png","width":240,"height":303,"caption":"Iupi"},"image":{"@id":"http:\/\/www.iupi.be\/nl\/#\/schema\/logo\/image\/"}}]}},"_links":{"self":[{"href":"http:\/\/www.iupi.be\/nl\/wp-json\/wp\/v2\/pages\/568","targetHints":{"allow":["GET"]}}],"collection":[{"href":"http:\/\/www.iupi.be\/nl\/wp-json\/wp\/v2\/pages"}],"about":[{"href":"http:\/\/www.iupi.be\/nl\/wp-json\/wp\/v2\/types\/page"}],"author":[{"embeddable":true,"href":"http:\/\/www.iupi.be\/nl\/wp-json\/wp\/v2\/users\/2"}],"replies":[{"embeddable":true,"href":"http:\/\/www.iupi.be\/nl\/wp-json\/wp\/v2\/comments?post=568"}],"version-history":[{"count":1,"href":"http:\/\/www.iupi.be\/nl\/wp-json\/wp\/v2\/pages\/568\/revisions"}],"predecessor-version":[{"id":694,"href":"http:\/\/www.iupi.be\/nl\/wp-json\/wp\/v2\/pages\/568\/revisions\/694"}],"wp:attachment":[{"href":"http:\/\/www.iupi.be\/nl\/wp-json\/wp\/v2\/media?parent=568"}],"curies":[{"name":"wp","href":"https:\/\/api.w.org\/{rel}","templated":true}]}}