{"id":541,"date":"2025-06-12T09:44:58","date_gmt":"2025-06-12T07:44:58","guid":{"rendered":"https:\/\/www.iupi.be\/booking-rates\/"},"modified":"2025-11-07T14:18:26","modified_gmt":"2025-11-07T13:18:26","slug":"booking-rates","status":"publish","type":"page","link":"https:\/\/www.iupi.be\/en\/booking-rates\/","title":{"rendered":"Booking &amp; Rates"},"content":{"rendered":"\n<h1>\n\t\t\tR\u00e9servation &#038; Tarifs\t<\/h1>\n\t\t\t\t\t\t<h2>Tarifs d\u00e9taill\u00e9s<\/h2>\t\t\t\t\t\n\t\t\t<p>Optez pour une maison de vacances Iupi (<a href=\"https:\/\/www.iupi.be\/gite-iupiday\/\">Iupi&#8217;Day<\/a> ou <a href=\"https:\/\/www.iupi.be\/gite-iupidoo\/\">Iupi&#8217;Doo<\/a>) \u00e0 W\u00e9ris et vivez une exp\u00e9rience in\u00e9dite, o\u00f9 <strong>luxe, nature et convivialit\u00e9<\/strong> se conjuguent pour satisfaire tant <strong>les familles que les amis<\/strong>. Cr\u00e9ez des souvenirs <strong>inoubliables<\/strong> dans un environnement propice \u00e0 la <strong>d\u00e9tente et \u00e0 l&#8217;\u00e9panouissement<\/strong>. Ne manquez pas cette occasion de vous ressourcer et de <strong>c\u00e9l\u00e9brer la beaut\u00e9 de la vie ensemble<\/strong>.<\/p>\t\t\n\t\t\t\t\t\t\t<img loading=\"lazy\" decoding=\"async\" src=\"http:\/\/www.iupi.be\/wp-content\/uploads\/2025\/06\/calendar-1.png\" alt=\"calendar (1)\" width=\"128\" height=\"128\" \/>\n\t\t\t\t\t\t<h4>S\u00e9jours en semaine<\/h4>\t\t\t\t\t\n\t\t\t<p>(hors cong\u00e9s scolaires et jours f\u00e9ri\u00e9s)<\/p>\t\t\n\t\t\t\t\t\t\t\t\t\t\t\t\t\n\t\t\t\t\t\t\t\t\t\t\t\t\t\t\t\t\t2 nuits\n\t\t\t\t\t\t\t\t\t\t\t\t\t\t\t\n\t\t\t\t\t\t\t\t\t\t\t\t\t\t\t\t1\u202f440\t\t\t\t\t\t\t\t\t\t\t\t\t\t\t\t\t\u20ac \n\t\t\t\t\t\t\t\t\t\t\t\t\t\n\t\t\t\t\t\t\t\t\t\t\t\t\t\t\t\t\t3 nuits\n\t\t\t\t\t\t\t\t\t\t\t\t\t\t\t\n\t\t\t\t\t\t\t\t\t\t\t\t\t\t\t\t2 040\t\t\t\t\t\t\t\t\t\t\t\t\t\t\t\t\t\u20ac \n\t\t\t\t\t\t\t\t\t\t\t\t\t\n\t\t\t\t\t\t\t\t\t\t\t\t\t\t\t\t\t6 nuits\n\t\t\t\t\t\t\t\t\t\t\t\t\t\t\t\n\t\t\t\t\t\t\t\t(lundi 17h30 \u2192 dimanche 11h30)\t\t\t\t\t\t\t\n\t\t\t\t\t\t\t\t\t\t\t\t\t\t\t\t3\u202f850\t\t\t\t\t\t\t\t\t\t\t\t\t\t\t\t\t\u20ac \n\t\t\t\t\t\t\t\t\t\t\t\t\t\n\t\t\t\t\t\t\t\t\t\t\t\t\t\t\t\t\tFrais de m\u00e9nage\n\t\t\t\t\t\t\t\t\t\t\t\t\t\t\t\n\t\t\t\t\t\t\t\t(obligatoire)\t\t\t\t\t\t\t\n\t\t\t\t\t\t\t\t\t\t\t\t\t\t\t\t175\t\t\t\t\t\t\t\t\t\t\t\t\t\t\t\t\t\u20ac \n\t\t\t\t\t\t\t<img loading=\"lazy\" decoding=\"async\" src=\"http:\/\/www.iupi.be\/wp-content\/uploads\/2025\/06\/calendar-1.png\" alt=\"calendar (1)\" width=\"128\" height=\"128\" \/>\n\t\t\t\t\t\t<h4>Week-end<\/h4>\t\t\t\t\t\n\t\t\t<p>(hors cong\u00e9s scolaires et jours f\u00e9ri\u00e9s)<\/p>\t\t\n\t\t\t\t\t\t\t\t\t\t\t\t\t\n\t\t\t\t\t\t\t\t\t\t\t\t\t\t\t\t\tVendredi 17h30 \u2192 Dimanche 15h30\n\t\t\t\t\t\t\t\t\t\t\t\t\t\t\t\n\t\t\t\t\t\t\t\tmin. 2 nuits (hors cong\u00e9s)\t\t\t\t\t\t\t\n\t\t\t\t\t\t\t\t\t\t\t\t\t\t\t\t1\u202f920\u202f\u20ac\t\t\t\t\t\t\t\t\t\t\t\t\t\t\t\t\t\u20ac \n\t\t\t\t\t\t\t\t\t\t\t\t\t\n\t\t\t\t\t\t\t\t\t\t\t\t\t\t\t\t\tVendredi 17h30 \u2192 Dimanche 15h30\n\t\t\t\t\t\t\t\t\t\t\t\t\t\t\t\n\t\t\t\t\t\t\t\tmin. 2 nuits (vacances\/f\u00e9ri\u00e9s)\t\t\t\t\t\t\t\n\t\t\t\t\t\t\t\t\t\t\t\t\t\t\t\t2\u202f160\t\t\t\t\t\t\t\t\t\t\t\t\t\t\t\t\t\u20ac \n\t\t\t\t\t\t\t\t\t\t\t\t\t\n\t\t\t\t\t\t\t\t\t\t\t\t\t\t\t\t\tFrais de m\u00e9nage\n\t\t\t\t\t\t\t\t\t\t\t\t\t\t\t\n\t\t\t\t\t\t\t\t(obligatoire)\t\t\t\t\t\t\t\n\t\t\t\t\t\t\t\t\t\t\t\t\t\t\t\t175\t\t\t\t\t\t\t\t\t\t\t\t\t\t\t\t\t\u20ac \n\t\t\t\t\t\t\t<img loading=\"lazy\" decoding=\"async\" src=\"http:\/\/www.iupi.be\/wp-content\/uploads\/2025\/06\/calendar-1.png\" alt=\"calendar (1)\" width=\"128\" height=\"128\" \/>\n\t\t\t\t\t\t<h4>Vacances scolaires, semaines avec f\u00e9ri\u00e9s, longs week-ends<\/h4>\t\t\t\t\t\n\t\t\t<p>(hors cong\u00e9s scolaires et jours f\u00e9ri\u00e9s)<\/p>\t\t\n\t\t\t\t\t\t\t\t\t\t\t\t\t\n\t\t\t\t\t\t\t\t\t\t\t\t\t\t\t\t\tMinimum 3 nuits\n\t\t\t\t\t\t\t\t\t\t\t\t\t\t\t\n\t\t\t\t\t\t\t\t\t\t\t\t\t\t\t\t2\u202f640\t\t\t\t\t\t\t\t\t\t\t\t\t\t\t\t\t\u20ac \n\t\t\t\t\t\t\t\t\t\t\t\t\t\n\t\t\t\t\t\t\t\t\t\t\t\t\t\t\t\t\tSemaine\n\t\t\t\t\t\t\t\t\t\t\t\t\t\t\t\n\t\t\t\t\t\t\t\t(6 nuits)\t\t\t\t\t\t\t\n\t\t\t\t\t\t\t\t\t\t\t\t\t\t\t\t4\u202f880\t\t\t\t\t\t\t\t\t\t\t\t\t\t\t\t\t\u20ac \n\t\t\t\t\t\t\t\t\t\t\t\t\t\n\t\t\t\t\t\t\t\t\t\t\t\t\t\t\t\t\t2 semaines cons\u00e9cutives\n\t\t\t\t\t\t\t\t\t\t\t\t\t\t\t\n\t\t\t\t\t\t\t\t\t\t\t\t\t\t\t\t9\u202f600\t\t\t\t\t\t\t\t\t\t\t\t\t\t\t\t\t\u20ac \n\t\t\t\t\t\t\t\t\t\t\t\t\t\n\t\t\t\t\t\t\t\t\t\t\t\t\t\t\t\t\tFrais de m\u00e9nage\n\t\t\t\t\t\t\t\t\t\t\t\t\t\t\t\n\t\t\t\t\t\t\t\t(obligatoire)\t\t\t\t\t\t\t\n\t\t\t\t\t\t\t\t\t\t\t\t\t\t\t\t175\t\t\t\t\t\t\t\t\t\t\t\t\t\t\t\t\t\u20ac \n\t\t\t\t\t\t\t\t\t\t\t\t\t\n\t\t\t\t\t\t\t\t\t\t\t\t\t\t\t\t\tOption 2 semaines : nettoyage en cours\n\t\t\t\t\t\t\t\t\t\t\t\t\t\t\t\n\t\t\t\t\t\t\t\t\t\t\t\t\t\t\t\t320\t\t\t\t\t\t\t\t\t\t\t\t\t\t\t\t\t\u20ac \n\t\t\t\t\t\t\t\t\t<img decoding=\"async\" src=\"https:\/\/www.iupi.be\/wp-content\/uploads\/bb-plugin\/cache\/spa-square.jpg\" alt=\"spa\" itemprop=\"image\" title=\"spa\" onerror=\"this.style.display='none'\"  \/>\n\t\t\t\t\t\t\t<img loading=\"lazy\" decoding=\"async\" src=\"http:\/\/www.iupi.be\/wp-content\/uploads\/2025\/06\/room-service.png\" alt=\"room-service\" width=\"128\" height=\"128\" \/>\n\t\t\t\t\t\t<h4>Informations compl\u00e9mentaires<\/h4>\t\t\t\t\t\n\t\t\t\t\t\t\t\t\t\t\t\t\t\n\t\t\t\t\t\t\t\t\t\t\t\t\t\t\t\t\tCaution\n\t\t\t\t\t\t\t\t\t\t\t\t\t\t\t\n\t\t\t\t\t\t\t\t(obligatoire)\t\t\t\t\t\t\t\n\t\t\t\t\t\t\t\t\t\t\t\t\t\t\t\t800 \u20ac\t\t\t\t\t\t\t\t\t\t\t\t\t\t\t\t\t \n\t\t\t\t\t\t\t\t\t\t\t\t\t\n\t\t\t\t\t\t\t\t\t\t\t\t\t\t\t\t\tArriv\u00e9e\n\t\t\t\t\t\t\t\t\t\t\t\t\t\t\t\n\t\t\t\t\t\t\t\t\t\t\t\t\t\t\t\t\u00c0 partir de 17h30\t\t\t\t\t\t\t\t\t\t\t\t\t\t\t\t\t \n\t\t\t\t\t\t\t\t\t\t\t\t\t\n\t\t\t\t\t\t\t\t\t\t\t\t\t\t\t\t\tD\u00e9part\n\t\t\t\t\t\t\t\t\t\t\t\t\t\t\t\n\t\t\t\t\t\t\t\t(en semaine)\t\t\t\t\t\t\t\n\t\t\t\t\t\t\t\t\t\t\t\t\t\t\t\tAvant 11h30\t\t\t\t\t\t\t\t\t\t\t\t\t\t\t\t\t \n\t\t\t\t\t\t\t\t\t\t\t\t\t\n\t\t\t\t\t\t\t\t\t\t\t\t\t\t\t\t\tD\u00e9part\n\t\t\t\t\t\t\t\t\t\t\t\t\t\t\t\n\t\t\t\t\t\t\t\t(week-end \/ vacances)\t\t\t\t\t\t\t\n\t\t\t\t\t\t\t\t\t\t\t\t\t\t\t\tAvant 15h30\t\t\t\t\t\t\t\t\t\t\t\t\t\t\t\t\t \n\t\t\t\t\t\t\t\t\t\t\t\t\t\n\t\t\t\t\t\t\t\t\t\t\t\t\t\t\t\t\tServices optionnels\n\t\t\t\t\t\t\t\t\t\t\t\t\t\t\t\n\t\t\t\t\t\t\t\tMassage, chef \u00e0 domicile&#8230;\t\t\t\t\t\t\t\n\t\t\tProfitez de notre\n\t\t<h2>\n\t\t\tEspace D\u00e9tente\n\t\t<\/h2>\n\t\t\t<p>Un espace con\u00e7u pour votre bien-\u00eatre<\/p>\t\t\n    <img decoding=\"async\" src=\"http:\/\/www.iupi.be\/wp-content\/uploads\/2025\/06\/hot-bath.png\" alt=\"Jacuzzi\" \/>\n<p><strong>Jacuzzi<\/strong> : Profitez d&#8217;un bain bouillonnant sous les \u00e9toiles.<\/p>\n\n\n    <img decoding=\"async\" src=\"http:\/\/www.iupi.be\/wp-content\/uploads\/2025\/06\/sauna.png\" alt=\"Sauna\" \/>\n<p><strong>Sauna<\/strong> : D\u00e9tendez-vous et \u00e9liminez le stress.<\/p>\n\n\n    <img decoding=\"async\" src=\"http:\/\/www.iupi.be\/wp-content\/uploads\/2025\/06\/billiard-ball.png\" alt=\"Salle de billard\" \/>\n<p><strong>Salle de billard<\/strong> : Moments conviviaux entre amis ou en famille.<\/p>\n\n\n\t<p>Un moment rien que pour vous!<\/p>\n\t\t\tDes options pour\n\t\t<h2>\n\t\t\tUn s\u00e9jour sur mesure\n\t\t<\/h2>\n\t\t\t<p>Les petits plus qui feront toute la diff\u00e9rence.<\/p>\t\t\n    <img decoding=\"async\" src=\"http:\/\/www.iupi.be\/wp-content\/uploads\/2025\/07\/body-massage.png\" alt=\"Massages\" \/>\n      <strong>Massages<\/strong> sportif, relaxant, femme enceinte, enfant, corps ou cr\u00e2ne&#8230; chacun trouvera son moment de d\u00e9tente parfait. (Prestation au g\u00eete).\n\n    <img decoding=\"async\" src=\"http:\/\/www.iupi.be\/wp-content\/uploads\/2025\/06\/chef.png\" alt=\"Chef \u00e0 domicile\" \/>\n      <strong>Chef \u00e0 domicile<\/strong> : Un repas gastronomique pr\u00e9par\u00e9 sur place.\n\n    <img decoding=\"async\" src=\"http:\/\/www.iupi.be\/wp-content\/uploads\/2025\/06\/breakfast.png\" alt=\"Petit-d\u00e9jeuner\" \/>\n      <strong>Petit-d\u00e9jeuner<\/strong> : Commencez la journ\u00e9e avec un d\u00e9licieux buffet.\n\n    <img decoding=\"async\" src=\"http:\/\/www.iupi.be\/wp-content\/uploads\/2025\/06\/mop.png\" alt=\"M\u00e9nage optimis\u00e9\" \/>\n      <strong>M\u00e9nage optimis\u00e9<\/strong> : Service de m\u00e9nage interm\u00e9diaire valable sur les s\u00e9jours d&#8217;au moins 6 nuits.\n\n\t<p><em>(sous r\u00e9servation pr\u00e9alable et sous r\u00e9serve de disponibilit\u00e9s de nos partenaires)<\/em><\/p>\n\t\t\t\t\t<a href=\"javascript:void(0)\" aria-controls=\"offcanvas-\" role=\"button\">\n\t\t\t\t\tVoir les services optionnels\t\t\t\t\n\t\t\t<\/a>\n<h2>\n\t\t\tR\u00e9servez votre Maison de Vacances\t<\/h2>\n\t<p>(plugin)<\/p>\n<h2>\n\t\t\tFormulaire de contact\t<\/h2>\n \n<form action=\"\/?page_id=35&#038;fl_builder#wpcf7-f9-o1\" method=\"post\" aria-label=\"Formulaire de contact\" novalidate=\"novalidate\" data-status=\"init\">\n<fieldset><input type=\"hidden\" name=\"_wpcf7\" value=\"9\" \/><input type=\"hidden\" name=\"_wpcf7_version\" value=\"6.1\" \/><input type=\"hidden\" name=\"_wpcf7_locale\" value=\"fr_FR\" \/><input type=\"hidden\" name=\"_wpcf7_unit_tag\" value=\"wpcf7-f9-o1\" \/><input type=\"hidden\" name=\"_wpcf7_container_post\" value=\"0\" \/><input type=\"hidden\" name=\"_wpcf7_posted_data_hash\" value=\"\" \/><input type=\"hidden\" name=\"_wpcf7_recaptcha_response\" value=\"\" \/>\n<\/fieldset>\n<label> Votre nom<br \/>\n<input size=\"40\" maxlength=\"400\" autocomplete=\"name\" aria-required=\"true\" aria-invalid=\"false\" value=\"\" type=\"text\" name=\"your-name\" \/> <\/label>\n\n<label> Votre e-mail<br \/>\n<input size=\"40\" maxlength=\"400\" autocomplete=\"email\" aria-required=\"true\" aria-invalid=\"false\" value=\"\" type=\"email\" name=\"your-email\" \/> <\/label>\n\n<label> Objet<br \/>\n<input size=\"40\" maxlength=\"400\" aria-required=\"true\" aria-invalid=\"false\" value=\"\" type=\"text\" name=\"your-subject\" \/> <\/label>\n\n<label> Votre message (facultatif)<br \/>\n<textarea cols=\"40\" rows=\"10\" maxlength=\"2000\" aria-invalid=\"false\" name=\"your-message\"><\/textarea> <\/label>\n\n<input type=\"submit\" value=\"Envoyer\" \/>\n\n<\/form>\n<h2>\n\t\t\tConditions de r\u00e9servation\t<\/h2>\n\t<h3><b>Paiement &amp; acompte<\/b><\/h3>\n<ul>\n<li>\n<p>Paiement int\u00e9gral requis.<\/p>\n<\/li>\n<li>\n<p>Acompte de 50 %, non remboursable.<\/p>\n<\/li>\n<li>\n<p>Solde d\u00fb 10 jours avant l&#8217;arriv\u00e9e.<\/p>\n<\/li>\n<\/ul>\n<hr \/>\n<h3><b>Annulation &amp; d\u00e9part pr\u00e9matur\u00e9<\/b><\/h3>\n<ul>\n<li>\n<p><b>+30 jours avant arriv\u00e9e<\/b>\u00a0: 50 % (acompte) conserv\u00e9.<\/p>\n<\/li>\n<li>\n<p><b>&lt;30 jours<\/b>\u00a0: totalit\u00e9 due.<\/p>\n<\/li>\n<li>\n<p><b>Force majeure (preuves requises)<\/b>\u00a0: remboursement du solde + 20 % de l&#8217;acompte.<\/p>\n<\/li>\n<li>\n<p><b>D\u00e9part anticip\u00e9<\/b>\u00a0: aucun remboursement.<\/p>\n<\/li>\n<li>\n<p>Assurance annulation conseill\u00e9e.<\/p>\n<\/li>\n<\/ul>\n\n","protected":false},"excerpt":{"rendered":"<p>R\u00e9servation &#038; Tarifs Tarifs d\u00e9taill\u00e9s Optez pour une maison de vacances Iupi (Iupi&#8217;Day ou Iupi&#8217;Doo) \u00e0 W\u00e9ris et vivez une exp\u00e9rience in\u00e9dite, o\u00f9 luxe, nature et convivialit\u00e9 se conjuguent pour satisfaire tant les familles que les amis. Cr\u00e9ez des souvenirs inoubliables dans un environnement propice \u00e0 la d\u00e9tente et \u00e0 l&#8217;\u00e9panouissement. Ne manquez pas cette&hellip;<\/p>\n","protected":false},"author":2,"featured_media":0,"parent":0,"menu_order":0,"comment_status":"closed","ping_status":"closed","template":"","meta":{"footnotes":""},"class_list":["post-541","page","type-page","status-publish","hentry"],"yoast_head":"<!-- This site is optimized with the Yoast SEO plugin v26.1.1 - https:\/\/yoast.com\/wordpress\/plugins\/seo\/ -->\n<title>Booking &amp; Rates - Iupi - Vacation home<\/title>\n<meta name=\"description\" content=\"Looking for a vacation home? Discover our guest houses, the options available for maximum comfort and our prices.\" \/>\n<meta name=\"robots\" content=\"index, follow, max-snippet:-1, max-image-preview:large, max-video-preview:-1\" \/>\n<link rel=\"canonical\" href=\"https:\/\/www.iupi.be\/en\/booking-rates\/\" \/>\n<meta property=\"og:locale\" content=\"en_US\" \/>\n<meta property=\"og:type\" content=\"article\" \/>\n<meta property=\"og:title\" content=\"Booking &amp; Rates - Iupi - Vacation home\" \/>\n<meta property=\"og:description\" content=\"Looking for a vacation home? Discover our guest houses, the options available for maximum comfort and our prices.\" \/>\n<meta property=\"og:url\" content=\"https:\/\/www.iupi.be\/en\/booking-rates\/\" \/>\n<meta property=\"og:site_name\" content=\"Iupi\" \/>\n<meta property=\"article:modified_time\" content=\"2025-11-07T13:18:26+00:00\" \/>\n<meta property=\"og:image\" content=\"http:\/\/www.iupi.be\/wp-content\/uploads\/2025\/06\/calendar-1.png\" \/>\n<meta name=\"twitter:card\" content=\"summary_large_image\" \/>\n<meta name=\"twitter:label1\" content=\"Est. reading time\" \/>\n\t<meta name=\"twitter:data1\" content=\"2 minutes\" \/>\n<script type=\"application\/ld+json\" class=\"yoast-schema-graph\">{\"@context\":\"https:\/\/schema.org\",\"@graph\":[{\"@type\":\"WebPage\",\"@id\":\"https:\/\/www.iupi.be\/en\/booking-rates\/\",\"url\":\"https:\/\/www.iupi.be\/en\/booking-rates\/\",\"name\":\"Booking &amp; Rates - Iupi - Vacation home\",\"isPartOf\":{\"@id\":\"http:\/\/www.iupi.be\/en\/#website\"},\"primaryImageOfPage\":{\"@id\":\"https:\/\/www.iupi.be\/en\/booking-rates\/#primaryimage\"},\"image\":{\"@id\":\"https:\/\/www.iupi.be\/en\/booking-rates\/#primaryimage\"},\"thumbnailUrl\":\"http:\/\/www.iupi.be\/wp-content\/uploads\/2025\/06\/calendar-1.png\",\"datePublished\":\"2025-06-12T07:44:58+00:00\",\"dateModified\":\"2025-11-07T13:18:26+00:00\",\"description\":\"Looking for a vacation home? Discover our guest houses, the options available for maximum comfort and our prices.\",\"breadcrumb\":{\"@id\":\"https:\/\/www.iupi.be\/en\/booking-rates\/#breadcrumb\"},\"inLanguage\":\"en-US\",\"potentialAction\":[{\"@type\":\"ReadAction\",\"target\":[\"https:\/\/www.iupi.be\/en\/booking-rates\/\"]}]},{\"@type\":\"ImageObject\",\"inLanguage\":\"en-US\",\"@id\":\"https:\/\/www.iupi.be\/en\/booking-rates\/#primaryimage\",\"url\":\"http:\/\/www.iupi.be\/wp-content\/uploads\/2025\/06\/calendar-1.png\",\"contentUrl\":\"http:\/\/www.iupi.be\/wp-content\/uploads\/2025\/06\/calendar-1.png\"},{\"@type\":\"BreadcrumbList\",\"@id\":\"https:\/\/www.iupi.be\/en\/booking-rates\/#breadcrumb\",\"itemListElement\":[{\"@type\":\"ListItem\",\"position\":1,\"name\":\"Home\",\"item\":\"http:\/\/www.iupi.be\/en\/\"},{\"@type\":\"ListItem\",\"position\":2,\"name\":\"Booking &amp; Rates\"}]},{\"@type\":\"WebSite\",\"@id\":\"http:\/\/www.iupi.be\/en\/#website\",\"url\":\"http:\/\/www.iupi.be\/en\/\",\"name\":\"Iupi - G\u00eetes \u00e0 Durbuy\",\"description\":\"Votre havre de paix \u00e0 Durbuy\",\"publisher\":{\"@id\":\"http:\/\/www.iupi.be\/en\/#organization\"},\"potentialAction\":[{\"@type\":\"SearchAction\",\"target\":{\"@type\":\"EntryPoint\",\"urlTemplate\":\"http:\/\/www.iupi.be\/en\/?s={search_term_string}\"},\"query-input\":{\"@type\":\"PropertyValueSpecification\",\"valueRequired\":true,\"valueName\":\"search_term_string\"}}],\"inLanguage\":\"en-US\"},{\"@type\":\"Organization\",\"@id\":\"http:\/\/www.iupi.be\/en\/#organization\",\"name\":\"Iupi\",\"url\":\"http:\/\/www.iupi.be\/en\/\",\"logo\":{\"@type\":\"ImageObject\",\"inLanguage\":\"en-US\",\"@id\":\"http:\/\/www.iupi.be\/en\/#\/schema\/logo\/image\/\",\"url\":\"https:\/\/www.iupi.be\/wp-content\/uploads\/2025\/01\/Iupi_Logo_couleurs.png\",\"contentUrl\":\"https:\/\/www.iupi.be\/wp-content\/uploads\/2025\/01\/Iupi_Logo_couleurs.png\",\"width\":240,\"height\":303,\"caption\":\"Iupi\"},\"image\":{\"@id\":\"http:\/\/www.iupi.be\/en\/#\/schema\/logo\/image\/\"}}]}<\/script>\n<!-- \/ Yoast SEO plugin. -->","yoast_head_json":{"title":"Booking &amp; Rates - Iupi - Vacation home","description":"Looking for a vacation home? Discover our guest houses, the options available for maximum comfort and our prices.","robots":{"index":"index","follow":"follow","max-snippet":"max-snippet:-1","max-image-preview":"max-image-preview:large","max-video-preview":"max-video-preview:-1"},"canonical":"https:\/\/www.iupi.be\/en\/booking-rates\/","og_locale":"en_US","og_type":"article","og_title":"Booking &amp; Rates - Iupi - Vacation home","og_description":"Looking for a vacation home? Discover our guest houses, the options available for maximum comfort and our prices.","og_url":"https:\/\/www.iupi.be\/en\/booking-rates\/","og_site_name":"Iupi","article_modified_time":"2025-11-07T13:18:26+00:00","og_image":[{"url":"http:\/\/www.iupi.be\/wp-content\/uploads\/2025\/06\/calendar-1.png","type":"","width":"","height":""}],"twitter_card":"summary_large_image","twitter_misc":{"Est. reading time":"2 minutes"},"schema":{"@context":"https:\/\/schema.org","@graph":[{"@type":"WebPage","@id":"https:\/\/www.iupi.be\/en\/booking-rates\/","url":"https:\/\/www.iupi.be\/en\/booking-rates\/","name":"Booking &amp; Rates - Iupi - Vacation home","isPartOf":{"@id":"http:\/\/www.iupi.be\/en\/#website"},"primaryImageOfPage":{"@id":"https:\/\/www.iupi.be\/en\/booking-rates\/#primaryimage"},"image":{"@id":"https:\/\/www.iupi.be\/en\/booking-rates\/#primaryimage"},"thumbnailUrl":"http:\/\/www.iupi.be\/wp-content\/uploads\/2025\/06\/calendar-1.png","datePublished":"2025-06-12T07:44:58+00:00","dateModified":"2025-11-07T13:18:26+00:00","description":"Looking for a vacation home? Discover our guest houses, the options available for maximum comfort and our prices.","breadcrumb":{"@id":"https:\/\/www.iupi.be\/en\/booking-rates\/#breadcrumb"},"inLanguage":"en-US","potentialAction":[{"@type":"ReadAction","target":["https:\/\/www.iupi.be\/en\/booking-rates\/"]}]},{"@type":"ImageObject","inLanguage":"en-US","@id":"https:\/\/www.iupi.be\/en\/booking-rates\/#primaryimage","url":"http:\/\/www.iupi.be\/wp-content\/uploads\/2025\/06\/calendar-1.png","contentUrl":"http:\/\/www.iupi.be\/wp-content\/uploads\/2025\/06\/calendar-1.png"},{"@type":"BreadcrumbList","@id":"https:\/\/www.iupi.be\/en\/booking-rates\/#breadcrumb","itemListElement":[{"@type":"ListItem","position":1,"name":"Home","item":"http:\/\/www.iupi.be\/en\/"},{"@type":"ListItem","position":2,"name":"Booking &amp; Rates"}]},{"@type":"WebSite","@id":"http:\/\/www.iupi.be\/en\/#website","url":"http:\/\/www.iupi.be\/en\/","name":"Iupi - G\u00eetes \u00e0 Durbuy","description":"Votre havre de paix \u00e0 Durbuy","publisher":{"@id":"http:\/\/www.iupi.be\/en\/#organization"},"potentialAction":[{"@type":"SearchAction","target":{"@type":"EntryPoint","urlTemplate":"http:\/\/www.iupi.be\/en\/?s={search_term_string}"},"query-input":{"@type":"PropertyValueSpecification","valueRequired":true,"valueName":"search_term_string"}}],"inLanguage":"en-US"},{"@type":"Organization","@id":"http:\/\/www.iupi.be\/en\/#organization","name":"Iupi","url":"http:\/\/www.iupi.be\/en\/","logo":{"@type":"ImageObject","inLanguage":"en-US","@id":"http:\/\/www.iupi.be\/en\/#\/schema\/logo\/image\/","url":"https:\/\/www.iupi.be\/wp-content\/uploads\/2025\/01\/Iupi_Logo_couleurs.png","contentUrl":"https:\/\/www.iupi.be\/wp-content\/uploads\/2025\/01\/Iupi_Logo_couleurs.png","width":240,"height":303,"caption":"Iupi"},"image":{"@id":"http:\/\/www.iupi.be\/en\/#\/schema\/logo\/image\/"}}]}},"_links":{"self":[{"href":"https:\/\/www.iupi.be\/en\/wp-json\/wp\/v2\/pages\/541","targetHints":{"allow":["GET"]}}],"collection":[{"href":"https:\/\/www.iupi.be\/en\/wp-json\/wp\/v2\/pages"}],"about":[{"href":"https:\/\/www.iupi.be\/en\/wp-json\/wp\/v2\/types\/page"}],"author":[{"embeddable":true,"href":"https:\/\/www.iupi.be\/en\/wp-json\/wp\/v2\/users\/2"}],"replies":[{"embeddable":true,"href":"https:\/\/www.iupi.be\/en\/wp-json\/wp\/v2\/comments?post=541"}],"version-history":[{"count":2,"href":"https:\/\/www.iupi.be\/en\/wp-json\/wp\/v2\/pages\/541\/revisions"}],"predecessor-version":[{"id":803,"href":"https:\/\/www.iupi.be\/en\/wp-json\/wp\/v2\/pages\/541\/revisions\/803"}],"wp:attachment":[{"href":"https:\/\/www.iupi.be\/en\/wp-json\/wp\/v2\/media?parent=541"}],"curies":[{"name":"wp","href":"https:\/\/api.w.org\/{rel}","templated":true}]}}