{"id":571,"date":"2025-06-12T09:43:46","date_gmt":"2025-06-12T07:43:46","guid":{"rendered":"https:\/\/www.iupi.be\/guest-house-iupidoo\/"},"modified":"2025-07-11T17:58:25","modified_gmt":"2025-07-11T15:58:25","slug":"guest-house-iupidoo","status":"publish","type":"page","link":"https:\/\/www.iupi.be\/en\/guest-house-iupidoo\/","title":{"rendered":"Guest house &#8211; Iupi&#8217;Doo"},"content":{"rendered":"","protected":false},"excerpt":{"rendered":"","protected":false},"author":2,"featured_media":0,"parent":0,"menu_order":0,"comment_status":"closed","ping_status":"closed","template":"","meta":{"footnotes":""},"class_list":["post-571","page","type-page","status-publish","hentry"],"yoast_head":"<!-- This site is optimized with the Yoast SEO plugin v26.1.1 - https:\/\/yoast.com\/wordpress\/plugins\/seo\/ -->\n<title>Guest house in Durbuy - Iupi&#039;Doo - Iupi<\/title>\n<meta name=\"description\" content=\"Looking for a guest house in Durbuy? You&#039;ve found it! guest house Iupi&#039;Doo will give you maximum comfort and peace of mind.\" \/>\n<meta name=\"robots\" content=\"index, follow, max-snippet:-1, max-image-preview:large, max-video-preview:-1\" \/>\n<link rel=\"canonical\" href=\"https:\/\/www.iupi.be\/en\/guest-house-iupidoo\/\" \/>\n<meta property=\"og:locale\" content=\"en_US\" \/>\n<meta property=\"og:type\" content=\"article\" \/>\n<meta property=\"og:title\" content=\"Guest house in Durbuy - Iupi&#039;Doo - Iupi\" \/>\n<meta property=\"og:description\" content=\"Looking for a guest house in Durbuy? You&#039;ve found it! guest house Iupi&#039;Doo will give you maximum comfort and peace of mind.\" \/>\n<meta property=\"og:url\" content=\"https:\/\/www.iupi.be\/en\/guest-house-iupidoo\/\" \/>\n<meta property=\"og:site_name\" content=\"Iupi\" \/>\n<meta property=\"article:modified_time\" content=\"2025-07-11T15:58:25+00:00\" \/>\n<meta name=\"twitter:card\" content=\"summary_large_image\" \/>\n<script type=\"application\/ld+json\" class=\"yoast-schema-graph\">{\"@context\":\"https:\/\/schema.org\",\"@graph\":[{\"@type\":\"WebPage\",\"@id\":\"https:\/\/www.iupi.be\/en\/guest-house-iupidoo\/\",\"url\":\"https:\/\/www.iupi.be\/en\/guest-house-iupidoo\/\",\"name\":\"Guest house in Durbuy - Iupi'Doo - Iupi\",\"isPartOf\":{\"@id\":\"http:\/\/www.iupi.be\/en\/#website\"},\"datePublished\":\"2025-06-12T07:43:46+00:00\",\"dateModified\":\"2025-07-11T15:58:25+00:00\",\"description\":\"Looking for a guest house in Durbuy? You've found it! guest house Iupi'Doo will give you maximum comfort and peace of mind.\",\"breadcrumb\":{\"@id\":\"https:\/\/www.iupi.be\/en\/guest-house-iupidoo\/#breadcrumb\"},\"inLanguage\":\"en-US\",\"potentialAction\":[{\"@type\":\"ReadAction\",\"target\":[\"https:\/\/www.iupi.be\/en\/guest-house-iupidoo\/\"]}]},{\"@type\":\"BreadcrumbList\",\"@id\":\"https:\/\/www.iupi.be\/en\/guest-house-iupidoo\/#breadcrumb\",\"itemListElement\":[{\"@type\":\"ListItem\",\"position\":1,\"name\":\"Home\",\"item\":\"http:\/\/www.iupi.be\/en\/\"},{\"@type\":\"ListItem\",\"position\":2,\"name\":\"Guest house &#8211; Iupi&#8217;Doo\"}]},{\"@type\":\"WebSite\",\"@id\":\"http:\/\/www.iupi.be\/en\/#website\",\"url\":\"http:\/\/www.iupi.be\/en\/\",\"name\":\"Iupi - G\u00eetes \u00e0 Durbuy\",\"description\":\"Votre havre de paix \u00e0 Durbuy\",\"publisher\":{\"@id\":\"http:\/\/www.iupi.be\/en\/#organization\"},\"potentialAction\":[{\"@type\":\"SearchAction\",\"target\":{\"@type\":\"EntryPoint\",\"urlTemplate\":\"http:\/\/www.iupi.be\/en\/?s={search_term_string}\"},\"query-input\":{\"@type\":\"PropertyValueSpecification\",\"valueRequired\":true,\"valueName\":\"search_term_string\"}}],\"inLanguage\":\"en-US\"},{\"@type\":\"Organization\",\"@id\":\"http:\/\/www.iupi.be\/en\/#organization\",\"name\":\"Iupi\",\"url\":\"http:\/\/www.iupi.be\/en\/\",\"logo\":{\"@type\":\"ImageObject\",\"inLanguage\":\"en-US\",\"@id\":\"http:\/\/www.iupi.be\/en\/#\/schema\/logo\/image\/\",\"url\":\"https:\/\/www.iupi.be\/wp-content\/uploads\/2025\/01\/Iupi_Logo_couleurs.png\",\"contentUrl\":\"https:\/\/www.iupi.be\/wp-content\/uploads\/2025\/01\/Iupi_Logo_couleurs.png\",\"width\":240,\"height\":303,\"caption\":\"Iupi\"},\"image\":{\"@id\":\"http:\/\/www.iupi.be\/en\/#\/schema\/logo\/image\/\"}}]}<\/script>\n<!-- \/ Yoast SEO plugin. -->","yoast_head_json":{"title":"Guest house in Durbuy - Iupi'Doo - Iupi","description":"Looking for a guest house in Durbuy? You've found it! guest house Iupi'Doo will give you maximum comfort and peace of mind.","robots":{"index":"index","follow":"follow","max-snippet":"max-snippet:-1","max-image-preview":"max-image-preview:large","max-video-preview":"max-video-preview:-1"},"canonical":"https:\/\/www.iupi.be\/en\/guest-house-iupidoo\/","og_locale":"en_US","og_type":"article","og_title":"Guest house in Durbuy - Iupi'Doo - Iupi","og_description":"Looking for a guest house in Durbuy? You've found it! guest house Iupi'Doo will give you maximum comfort and peace of mind.","og_url":"https:\/\/www.iupi.be\/en\/guest-house-iupidoo\/","og_site_name":"Iupi","article_modified_time":"2025-07-11T15:58:25+00:00","twitter_card":"summary_large_image","schema":{"@context":"https:\/\/schema.org","@graph":[{"@type":"WebPage","@id":"https:\/\/www.iupi.be\/en\/guest-house-iupidoo\/","url":"https:\/\/www.iupi.be\/en\/guest-house-iupidoo\/","name":"Guest house in Durbuy - Iupi'Doo - Iupi","isPartOf":{"@id":"http:\/\/www.iupi.be\/en\/#website"},"datePublished":"2025-06-12T07:43:46+00:00","dateModified":"2025-07-11T15:58:25+00:00","description":"Looking for a guest house in Durbuy? You've found it! guest house Iupi'Doo will give you maximum comfort and peace of mind.","breadcrumb":{"@id":"https:\/\/www.iupi.be\/en\/guest-house-iupidoo\/#breadcrumb"},"inLanguage":"en-US","potentialAction":[{"@type":"ReadAction","target":["https:\/\/www.iupi.be\/en\/guest-house-iupidoo\/"]}]},{"@type":"BreadcrumbList","@id":"https:\/\/www.iupi.be\/en\/guest-house-iupidoo\/#breadcrumb","itemListElement":[{"@type":"ListItem","position":1,"name":"Home","item":"http:\/\/www.iupi.be\/en\/"},{"@type":"ListItem","position":2,"name":"Guest house &#8211; Iupi&#8217;Doo"}]},{"@type":"WebSite","@id":"http:\/\/www.iupi.be\/en\/#website","url":"http:\/\/www.iupi.be\/en\/","name":"Iupi - G\u00eetes \u00e0 Durbuy","description":"Votre havre de paix \u00e0 Durbuy","publisher":{"@id":"http:\/\/www.iupi.be\/en\/#organization"},"potentialAction":[{"@type":"SearchAction","target":{"@type":"EntryPoint","urlTemplate":"http:\/\/www.iupi.be\/en\/?s={search_term_string}"},"query-input":{"@type":"PropertyValueSpecification","valueRequired":true,"valueName":"search_term_string"}}],"inLanguage":"en-US"},{"@type":"Organization","@id":"http:\/\/www.iupi.be\/en\/#organization","name":"Iupi","url":"http:\/\/www.iupi.be\/en\/","logo":{"@type":"ImageObject","inLanguage":"en-US","@id":"http:\/\/www.iupi.be\/en\/#\/schema\/logo\/image\/","url":"https:\/\/www.iupi.be\/wp-content\/uploads\/2025\/01\/Iupi_Logo_couleurs.png","contentUrl":"https:\/\/www.iupi.be\/wp-content\/uploads\/2025\/01\/Iupi_Logo_couleurs.png","width":240,"height":303,"caption":"Iupi"},"image":{"@id":"http:\/\/www.iupi.be\/en\/#\/schema\/logo\/image\/"}}]}},"_links":{"self":[{"href":"https:\/\/www.iupi.be\/en\/wp-json\/wp\/v2\/pages\/571","targetHints":{"allow":["GET"]}}],"collection":[{"href":"https:\/\/www.iupi.be\/en\/wp-json\/wp\/v2\/pages"}],"about":[{"href":"https:\/\/www.iupi.be\/en\/wp-json\/wp\/v2\/types\/page"}],"author":[{"embeddable":true,"href":"https:\/\/www.iupi.be\/en\/wp-json\/wp\/v2\/users\/2"}],"replies":[{"embeddable":true,"href":"https:\/\/www.iupi.be\/en\/wp-json\/wp\/v2\/comments?post=571"}],"version-history":[{"count":1,"href":"https:\/\/www.iupi.be\/en\/wp-json\/wp\/v2\/pages\/571\/revisions"}],"predecessor-version":[{"id":662,"href":"https:\/\/www.iupi.be\/en\/wp-json\/wp\/v2\/pages\/571\/revisions\/662"}],"wp:attachment":[{"href":"https:\/\/www.iupi.be\/en\/wp-json\/wp\/v2\/media?parent=571"}],"curies":[{"name":"wp","href":"https:\/\/api.w.org\/{rel}","templated":true}]}}