{"id":573,"date":"2025-01-06T15:07:50","date_gmt":"2025-01-06T14:07:50","guid":{"rendered":"https:\/\/www.iupi.be\/privacy-policy\/"},"modified":"2025-01-06T15:07:50","modified_gmt":"2025-01-06T14:07:50","slug":"privacy-policy","status":"publish","type":"page","link":"https:\/\/www.iupi.be\/en\/privacy-policy\/","title":{"rendered":"Privacy policy"},"content":{"rendered":"","protected":false},"excerpt":{"rendered":"","protected":false},"author":2,"featured_media":0,"parent":0,"menu_order":0,"comment_status":"closed","ping_status":"closed","template":"","meta":{"footnotes":""},"class_list":["post-573","page","type-page","status-publish","hentry"],"yoast_head":"<!-- This site is optimized with the Yoast SEO plugin v26.1.1 - https:\/\/yoast.com\/wordpress\/plugins\/seo\/ -->\n<title>Privacy policy - Iupi<\/title>\n<meta name=\"robots\" content=\"index, follow, max-snippet:-1, max-image-preview:large, max-video-preview:-1\" \/>\n<link rel=\"canonical\" href=\"https:\/\/www.iupi.be\/en\/privacy-policy\/\" \/>\n<meta property=\"og:locale\" content=\"en_US\" \/>\n<meta property=\"og:type\" content=\"article\" \/>\n<meta property=\"og:title\" content=\"Privacy policy - Iupi\" \/>\n<meta property=\"og:url\" content=\"https:\/\/www.iupi.be\/en\/privacy-policy\/\" \/>\n<meta property=\"og:site_name\" content=\"Iupi\" \/>\n<meta name=\"twitter:card\" content=\"summary_large_image\" \/>\n<script type=\"application\/ld+json\" class=\"yoast-schema-graph\">{\"@context\":\"https:\/\/schema.org\",\"@graph\":[{\"@type\":\"WebPage\",\"@id\":\"https:\/\/www.iupi.be\/en\/privacy-policy\/\",\"url\":\"https:\/\/www.iupi.be\/en\/privacy-policy\/\",\"name\":\"Privacy policy - Iupi\",\"isPartOf\":{\"@id\":\"http:\/\/www.iupi.be\/en\/#website\"},\"datePublished\":\"2025-01-06T14:07:50+00:00\",\"breadcrumb\":{\"@id\":\"https:\/\/www.iupi.be\/en\/privacy-policy\/#breadcrumb\"},\"inLanguage\":\"en-US\",\"potentialAction\":[{\"@type\":\"ReadAction\",\"target\":[\"https:\/\/www.iupi.be\/en\/privacy-policy\/\"]}]},{\"@type\":\"BreadcrumbList\",\"@id\":\"https:\/\/www.iupi.be\/en\/privacy-policy\/#breadcrumb\",\"itemListElement\":[{\"@type\":\"ListItem\",\"position\":1,\"name\":\"Home\",\"item\":\"http:\/\/www.iupi.be\/en\/\"},{\"@type\":\"ListItem\",\"position\":2,\"name\":\"Privacy policy\"}]},{\"@type\":\"WebSite\",\"@id\":\"http:\/\/www.iupi.be\/en\/#website\",\"url\":\"http:\/\/www.iupi.be\/en\/\",\"name\":\"Iupi - G\u00eetes \u00e0 Durbuy\",\"description\":\"Votre havre de paix \u00e0 Durbuy\",\"publisher\":{\"@id\":\"http:\/\/www.iupi.be\/en\/#organization\"},\"potentialAction\":[{\"@type\":\"SearchAction\",\"target\":{\"@type\":\"EntryPoint\",\"urlTemplate\":\"http:\/\/www.iupi.be\/en\/?s={search_term_string}\"},\"query-input\":{\"@type\":\"PropertyValueSpecification\",\"valueRequired\":true,\"valueName\":\"search_term_string\"}}],\"inLanguage\":\"en-US\"},{\"@type\":\"Organization\",\"@id\":\"http:\/\/www.iupi.be\/en\/#organization\",\"name\":\"Iupi\",\"url\":\"http:\/\/www.iupi.be\/en\/\",\"logo\":{\"@type\":\"ImageObject\",\"inLanguage\":\"en-US\",\"@id\":\"http:\/\/www.iupi.be\/en\/#\/schema\/logo\/image\/\",\"url\":\"https:\/\/www.iupi.be\/wp-content\/uploads\/2025\/01\/Iupi_Logo_couleurs.png\",\"contentUrl\":\"https:\/\/www.iupi.be\/wp-content\/uploads\/2025\/01\/Iupi_Logo_couleurs.png\",\"width\":240,\"height\":303,\"caption\":\"Iupi\"},\"image\":{\"@id\":\"http:\/\/www.iupi.be\/en\/#\/schema\/logo\/image\/\"}}]}<\/script>\n<!-- \/ Yoast SEO plugin. -->","yoast_head_json":{"title":"Privacy policy - Iupi","robots":{"index":"index","follow":"follow","max-snippet":"max-snippet:-1","max-image-preview":"max-image-preview:large","max-video-preview":"max-video-preview:-1"},"canonical":"https:\/\/www.iupi.be\/en\/privacy-policy\/","og_locale":"en_US","og_type":"article","og_title":"Privacy policy - Iupi","og_url":"https:\/\/www.iupi.be\/en\/privacy-policy\/","og_site_name":"Iupi","twitter_card":"summary_large_image","schema":{"@context":"https:\/\/schema.org","@graph":[{"@type":"WebPage","@id":"https:\/\/www.iupi.be\/en\/privacy-policy\/","url":"https:\/\/www.iupi.be\/en\/privacy-policy\/","name":"Privacy policy - Iupi","isPartOf":{"@id":"http:\/\/www.iupi.be\/en\/#website"},"datePublished":"2025-01-06T14:07:50+00:00","breadcrumb":{"@id":"https:\/\/www.iupi.be\/en\/privacy-policy\/#breadcrumb"},"inLanguage":"en-US","potentialAction":[{"@type":"ReadAction","target":["https:\/\/www.iupi.be\/en\/privacy-policy\/"]}]},{"@type":"BreadcrumbList","@id":"https:\/\/www.iupi.be\/en\/privacy-policy\/#breadcrumb","itemListElement":[{"@type":"ListItem","position":1,"name":"Home","item":"http:\/\/www.iupi.be\/en\/"},{"@type":"ListItem","position":2,"name":"Privacy policy"}]},{"@type":"WebSite","@id":"http:\/\/www.iupi.be\/en\/#website","url":"http:\/\/www.iupi.be\/en\/","name":"Iupi - G\u00eetes \u00e0 Durbuy","description":"Votre havre de paix \u00e0 Durbuy","publisher":{"@id":"http:\/\/www.iupi.be\/en\/#organization"},"potentialAction":[{"@type":"SearchAction","target":{"@type":"EntryPoint","urlTemplate":"http:\/\/www.iupi.be\/en\/?s={search_term_string}"},"query-input":{"@type":"PropertyValueSpecification","valueRequired":true,"valueName":"search_term_string"}}],"inLanguage":"en-US"},{"@type":"Organization","@id":"http:\/\/www.iupi.be\/en\/#organization","name":"Iupi","url":"http:\/\/www.iupi.be\/en\/","logo":{"@type":"ImageObject","inLanguage":"en-US","@id":"http:\/\/www.iupi.be\/en\/#\/schema\/logo\/image\/","url":"https:\/\/www.iupi.be\/wp-content\/uploads\/2025\/01\/Iupi_Logo_couleurs.png","contentUrl":"https:\/\/www.iupi.be\/wp-content\/uploads\/2025\/01\/Iupi_Logo_couleurs.png","width":240,"height":303,"caption":"Iupi"},"image":{"@id":"http:\/\/www.iupi.be\/en\/#\/schema\/logo\/image\/"}}]}},"_links":{"self":[{"href":"https:\/\/www.iupi.be\/en\/wp-json\/wp\/v2\/pages\/573","targetHints":{"allow":["GET"]}}],"collection":[{"href":"https:\/\/www.iupi.be\/en\/wp-json\/wp\/v2\/pages"}],"about":[{"href":"https:\/\/www.iupi.be\/en\/wp-json\/wp\/v2\/types\/page"}],"author":[{"embeddable":true,"href":"https:\/\/www.iupi.be\/en\/wp-json\/wp\/v2\/users\/2"}],"replies":[{"embeddable":true,"href":"https:\/\/www.iupi.be\/en\/wp-json\/wp\/v2\/comments?post=573"}],"version-history":[{"count":0,"href":"https:\/\/www.iupi.be\/en\/wp-json\/wp\/v2\/pages\/573\/revisions"}],"wp:attachment":[{"href":"https:\/\/www.iupi.be\/en\/wp-json\/wp\/v2\/media?parent=573"}],"curies":[{"name":"wp","href":"https:\/\/api.w.org\/{rel}","templated":true}]}}