{"id":544,"date":"2025-06-12T09:44:58","date_gmt":"2025-06-12T07:44:58","guid":{"rendered":"https:\/\/www.iupi.be\/boeken-prijzen\/"},"modified":"2026-02-03T13:17:31","modified_gmt":"2026-02-03T12:17:31","slug":"boeken-prijzen","status":"publish","type":"page","link":"https:\/\/www.iupi.be\/nl\/boeken-prijzen\/","title":{"rendered":"Boeken &amp; Prijzen"},"content":{"rendered":"","protected":false},"excerpt":{"rendered":"","protected":false},"author":2,"featured_media":0,"parent":0,"menu_order":0,"comment_status":"closed","ping_status":"closed","template":"","meta":{"footnotes":""},"class_list":["post-544","page","type-page","status-publish","hentry"],"yoast_head":"<!-- This site is optimized with the Yoast SEO plugin v26.1.1 - https:\/\/yoast.com\/wordpress\/plugins\/seo\/ -->\n<title>Boeken &amp; Prijzen - Iupi - Vakantiehuis<\/title>\n<meta name=\"description\" content=\"Op zoek naar een vakantiehuis? Bekijk onze website vakantiewoningen, de beschikbare opties voor maximaal comfort en de prijzen.\" \/>\n<meta name=\"robots\" content=\"index, follow, max-snippet:-1, max-image-preview:large, max-video-preview:-1\" \/>\n<link rel=\"canonical\" href=\"https:\/\/www.iupi.be\/nl\/boeken-prijzen\/\" \/>\n<meta property=\"og:locale\" content=\"nl_NL\" \/>\n<meta property=\"og:type\" content=\"article\" \/>\n<meta property=\"og:title\" content=\"Boeken &amp; Prijzen - Iupi - Vakantiehuis\" \/>\n<meta property=\"og:description\" content=\"Op zoek naar een vakantiehuis? Bekijk onze website vakantiewoningen, de beschikbare opties voor maximaal comfort en de prijzen.\" \/>\n<meta property=\"og:url\" content=\"https:\/\/www.iupi.be\/nl\/boeken-prijzen\/\" \/>\n<meta property=\"og:site_name\" content=\"Iupi\" \/>\n<meta property=\"article:modified_time\" content=\"2026-02-03T12:17:31+00:00\" \/>\n<meta name=\"twitter:card\" content=\"summary_large_image\" \/>\n<script type=\"application\/ld+json\" class=\"yoast-schema-graph\">{\"@context\":\"https:\/\/schema.org\",\"@graph\":[{\"@type\":\"WebPage\",\"@id\":\"https:\/\/www.iupi.be\/nl\/boeken-prijzen\/\",\"url\":\"https:\/\/www.iupi.be\/nl\/boeken-prijzen\/\",\"name\":\"Boeken &amp; Prijzen - Iupi - Vakantiehuis\",\"isPartOf\":{\"@id\":\"http:\/\/www.iupi.be\/nl\/#website\"},\"datePublished\":\"2025-06-12T07:44:58+00:00\",\"dateModified\":\"2026-02-03T12:17:31+00:00\",\"description\":\"Op zoek naar een vakantiehuis? Bekijk onze website vakantiewoningen, de beschikbare opties voor maximaal comfort en de prijzen.\",\"breadcrumb\":{\"@id\":\"https:\/\/www.iupi.be\/nl\/boeken-prijzen\/#breadcrumb\"},\"inLanguage\":\"nl-NL\",\"potentialAction\":[{\"@type\":\"ReadAction\",\"target\":[\"https:\/\/www.iupi.be\/nl\/boeken-prijzen\/\"]}]},{\"@type\":\"BreadcrumbList\",\"@id\":\"https:\/\/www.iupi.be\/nl\/boeken-prijzen\/#breadcrumb\",\"itemListElement\":[{\"@type\":\"ListItem\",\"position\":1,\"name\":\"Accueil\",\"item\":\"http:\/\/www.iupi.be\/nl\/\"},{\"@type\":\"ListItem\",\"position\":2,\"name\":\"Boeken &amp; Prijzen\"}]},{\"@type\":\"WebSite\",\"@id\":\"http:\/\/www.iupi.be\/nl\/#website\",\"url\":\"http:\/\/www.iupi.be\/nl\/\",\"name\":\"Iupi - G\u00eetes \u00e0 Durbuy\",\"description\":\"Votre havre de paix \u00e0 Durbuy\",\"publisher\":{\"@id\":\"http:\/\/www.iupi.be\/nl\/#organization\"},\"potentialAction\":[{\"@type\":\"SearchAction\",\"target\":{\"@type\":\"EntryPoint\",\"urlTemplate\":\"http:\/\/www.iupi.be\/nl\/?s={search_term_string}\"},\"query-input\":{\"@type\":\"PropertyValueSpecification\",\"valueRequired\":true,\"valueName\":\"search_term_string\"}}],\"inLanguage\":\"nl-NL\"},{\"@type\":\"Organization\",\"@id\":\"http:\/\/www.iupi.be\/nl\/#organization\",\"name\":\"Iupi\",\"url\":\"http:\/\/www.iupi.be\/nl\/\",\"logo\":{\"@type\":\"ImageObject\",\"inLanguage\":\"nl-NL\",\"@id\":\"http:\/\/www.iupi.be\/nl\/#\/schema\/logo\/image\/\",\"url\":\"https:\/\/www.iupi.be\/wp-content\/uploads\/2025\/01\/Iupi_Logo_couleurs.png\",\"contentUrl\":\"https:\/\/www.iupi.be\/wp-content\/uploads\/2025\/01\/Iupi_Logo_couleurs.png\",\"width\":240,\"height\":303,\"caption\":\"Iupi\"},\"image\":{\"@id\":\"http:\/\/www.iupi.be\/nl\/#\/schema\/logo\/image\/\"}}]}<\/script>\n<!-- \/ Yoast SEO plugin. -->","yoast_head_json":{"title":"Boeken &amp; Prijzen - Iupi - Vakantiehuis","description":"Op zoek naar een vakantiehuis? Bekijk onze website vakantiewoningen, de beschikbare opties voor maximaal comfort en de prijzen.","robots":{"index":"index","follow":"follow","max-snippet":"max-snippet:-1","max-image-preview":"max-image-preview:large","max-video-preview":"max-video-preview:-1"},"canonical":"https:\/\/www.iupi.be\/nl\/boeken-prijzen\/","og_locale":"nl_NL","og_type":"article","og_title":"Boeken &amp; Prijzen - Iupi - Vakantiehuis","og_description":"Op zoek naar een vakantiehuis? Bekijk onze website vakantiewoningen, de beschikbare opties voor maximaal comfort en de prijzen.","og_url":"https:\/\/www.iupi.be\/nl\/boeken-prijzen\/","og_site_name":"Iupi","article_modified_time":"2026-02-03T12:17:31+00:00","twitter_card":"summary_large_image","schema":{"@context":"https:\/\/schema.org","@graph":[{"@type":"WebPage","@id":"https:\/\/www.iupi.be\/nl\/boeken-prijzen\/","url":"https:\/\/www.iupi.be\/nl\/boeken-prijzen\/","name":"Boeken &amp; Prijzen - Iupi - Vakantiehuis","isPartOf":{"@id":"http:\/\/www.iupi.be\/nl\/#website"},"datePublished":"2025-06-12T07:44:58+00:00","dateModified":"2026-02-03T12:17:31+00:00","description":"Op zoek naar een vakantiehuis? Bekijk onze website vakantiewoningen, de beschikbare opties voor maximaal comfort en de prijzen.","breadcrumb":{"@id":"https:\/\/www.iupi.be\/nl\/boeken-prijzen\/#breadcrumb"},"inLanguage":"nl-NL","potentialAction":[{"@type":"ReadAction","target":["https:\/\/www.iupi.be\/nl\/boeken-prijzen\/"]}]},{"@type":"BreadcrumbList","@id":"https:\/\/www.iupi.be\/nl\/boeken-prijzen\/#breadcrumb","itemListElement":[{"@type":"ListItem","position":1,"name":"Accueil","item":"http:\/\/www.iupi.be\/nl\/"},{"@type":"ListItem","position":2,"name":"Boeken &amp; Prijzen"}]},{"@type":"WebSite","@id":"http:\/\/www.iupi.be\/nl\/#website","url":"http:\/\/www.iupi.be\/nl\/","name":"Iupi - G\u00eetes \u00e0 Durbuy","description":"Votre havre de paix \u00e0 Durbuy","publisher":{"@id":"http:\/\/www.iupi.be\/nl\/#organization"},"potentialAction":[{"@type":"SearchAction","target":{"@type":"EntryPoint","urlTemplate":"http:\/\/www.iupi.be\/nl\/?s={search_term_string}"},"query-input":{"@type":"PropertyValueSpecification","valueRequired":true,"valueName":"search_term_string"}}],"inLanguage":"nl-NL"},{"@type":"Organization","@id":"http:\/\/www.iupi.be\/nl\/#organization","name":"Iupi","url":"http:\/\/www.iupi.be\/nl\/","logo":{"@type":"ImageObject","inLanguage":"nl-NL","@id":"http:\/\/www.iupi.be\/nl\/#\/schema\/logo\/image\/","url":"https:\/\/www.iupi.be\/wp-content\/uploads\/2025\/01\/Iupi_Logo_couleurs.png","contentUrl":"https:\/\/www.iupi.be\/wp-content\/uploads\/2025\/01\/Iupi_Logo_couleurs.png","width":240,"height":303,"caption":"Iupi"},"image":{"@id":"http:\/\/www.iupi.be\/nl\/#\/schema\/logo\/image\/"}}]}},"_links":{"self":[{"href":"https:\/\/www.iupi.be\/nl\/wp-json\/wp\/v2\/pages\/544","targetHints":{"allow":["GET"]}}],"collection":[{"href":"https:\/\/www.iupi.be\/nl\/wp-json\/wp\/v2\/pages"}],"about":[{"href":"https:\/\/www.iupi.be\/nl\/wp-json\/wp\/v2\/types\/page"}],"author":[{"embeddable":true,"href":"https:\/\/www.iupi.be\/nl\/wp-json\/wp\/v2\/users\/2"}],"replies":[{"embeddable":true,"href":"https:\/\/www.iupi.be\/nl\/wp-json\/wp\/v2\/comments?post=544"}],"version-history":[{"count":1,"href":"https:\/\/www.iupi.be\/nl\/wp-json\/wp\/v2\/pages\/544\/revisions"}],"predecessor-version":[{"id":698,"href":"https:\/\/www.iupi.be\/nl\/wp-json\/wp\/v2\/pages\/544\/revisions\/698"}],"wp:attachment":[{"href":"https:\/\/www.iupi.be\/nl\/wp-json\/wp\/v2\/media?parent=544"}],"curies":[{"name":"wp","href":"https:\/\/api.w.org\/{rel}","templated":true}]}}