{"id":581,"date":"2025-06-12T09:43:30","date_gmt":"2025-06-12T07:43:30","guid":{"rendered":"https:\/\/www.iupi.be\/self-catering-iupiday\/"},"modified":"2025-07-11T17:21:06","modified_gmt":"2025-07-11T15:21:06","slug":"self-catering-iupiday","status":"publish","type":"page","link":"https:\/\/www.iupi.be\/nl\/self-catering-iupiday\/","title":{"rendered":"Vakantiewoning - Iupi&#8217;Dag"},"content":{"rendered":"","protected":false},"excerpt":{"rendered":"","protected":false},"author":2,"featured_media":0,"parent":0,"menu_order":0,"comment_status":"closed","ping_status":"closed","template":"","meta":{"footnotes":""},"class_list":["post-581","page","type-page","status-publish","hentry"],"yoast_head":"<!-- This site is optimized with the Yoast SEO plugin v26.1.1 - https:\/\/yoast.com\/wordpress\/plugins\/seo\/ -->\n<title>Vakantiewoning - Iupi&#039;Dag - Iupi<\/title>\n<meta name=\"description\" content=\"Ontdek vakantiewoning Iupi&#039;Day, gelegen in de buurt van Durbuy en zeker een oase van rust.\" \/>\n<meta name=\"robots\" content=\"index, follow, max-snippet:-1, max-image-preview:large, max-video-preview:-1\" \/>\n<link rel=\"canonical\" href=\"https:\/\/www.iupi.be\/nl\/self-catering-iupiday\/\" \/>\n<meta property=\"og:locale\" content=\"nl_NL\" \/>\n<meta property=\"og:type\" content=\"article\" \/>\n<meta property=\"og:title\" content=\"Vakantiewoning - Iupi&#039;Dag - Iupi\" \/>\n<meta property=\"og:description\" content=\"Ontdek vakantiewoning Iupi&#039;Day, gelegen in de buurt van Durbuy en zeker een oase van rust.\" \/>\n<meta property=\"og:url\" content=\"https:\/\/www.iupi.be\/nl\/self-catering-iupiday\/\" \/>\n<meta property=\"og:site_name\" content=\"Iupi\" \/>\n<meta property=\"article:modified_time\" content=\"2025-07-11T15:21:06+00:00\" \/>\n<meta name=\"twitter:card\" content=\"summary_large_image\" \/>\n<script type=\"application\/ld+json\" class=\"yoast-schema-graph\">{\"@context\":\"https:\/\/schema.org\",\"@graph\":[{\"@type\":\"WebPage\",\"@id\":\"https:\/\/www.iupi.be\/nl\/self-catering-iupiday\/\",\"url\":\"https:\/\/www.iupi.be\/nl\/self-catering-iupiday\/\",\"name\":\"Vakantiewoning - Iupi'Dag - Iupi\",\"isPartOf\":{\"@id\":\"http:\/\/www.iupi.be\/nl\/#website\"},\"datePublished\":\"2025-06-12T07:43:30+00:00\",\"dateModified\":\"2025-07-11T15:21:06+00:00\",\"description\":\"Ontdek vakantiewoning Iupi'Day, gelegen in de buurt van Durbuy en zeker een oase van rust.\",\"breadcrumb\":{\"@id\":\"https:\/\/www.iupi.be\/nl\/self-catering-iupiday\/#breadcrumb\"},\"inLanguage\":\"nl-NL\",\"potentialAction\":[{\"@type\":\"ReadAction\",\"target\":[\"https:\/\/www.iupi.be\/nl\/self-catering-iupiday\/\"]}]},{\"@type\":\"BreadcrumbList\",\"@id\":\"https:\/\/www.iupi.be\/nl\/self-catering-iupiday\/#breadcrumb\",\"itemListElement\":[{\"@type\":\"ListItem\",\"position\":1,\"name\":\"Accueil\",\"item\":\"http:\/\/www.iupi.be\/nl\/\"},{\"@type\":\"ListItem\",\"position\":2,\"name\":\"Vakantiewoning - Iupi&#8217;Dag\"}]},{\"@type\":\"WebSite\",\"@id\":\"http:\/\/www.iupi.be\/nl\/#website\",\"url\":\"http:\/\/www.iupi.be\/nl\/\",\"name\":\"Iupi - G\u00eetes \u00e0 Durbuy\",\"description\":\"Votre havre de paix \u00e0 Durbuy\",\"publisher\":{\"@id\":\"http:\/\/www.iupi.be\/nl\/#organization\"},\"potentialAction\":[{\"@type\":\"SearchAction\",\"target\":{\"@type\":\"EntryPoint\",\"urlTemplate\":\"http:\/\/www.iupi.be\/nl\/?s={search_term_string}\"},\"query-input\":{\"@type\":\"PropertyValueSpecification\",\"valueRequired\":true,\"valueName\":\"search_term_string\"}}],\"inLanguage\":\"nl-NL\"},{\"@type\":\"Organization\",\"@id\":\"http:\/\/www.iupi.be\/nl\/#organization\",\"name\":\"Iupi\",\"url\":\"http:\/\/www.iupi.be\/nl\/\",\"logo\":{\"@type\":\"ImageObject\",\"inLanguage\":\"nl-NL\",\"@id\":\"http:\/\/www.iupi.be\/nl\/#\/schema\/logo\/image\/\",\"url\":\"https:\/\/www.iupi.be\/wp-content\/uploads\/2025\/01\/Iupi_Logo_couleurs.png\",\"contentUrl\":\"https:\/\/www.iupi.be\/wp-content\/uploads\/2025\/01\/Iupi_Logo_couleurs.png\",\"width\":240,\"height\":303,\"caption\":\"Iupi\"},\"image\":{\"@id\":\"http:\/\/www.iupi.be\/nl\/#\/schema\/logo\/image\/\"}}]}<\/script>\n<!-- \/ Yoast SEO plugin. -->","yoast_head_json":{"title":"Vakantiewoning - Iupi'Dag - Iupi","description":"Ontdek vakantiewoning Iupi'Day, gelegen in de buurt van Durbuy en zeker een oase van rust.","robots":{"index":"index","follow":"follow","max-snippet":"max-snippet:-1","max-image-preview":"max-image-preview:large","max-video-preview":"max-video-preview:-1"},"canonical":"https:\/\/www.iupi.be\/nl\/self-catering-iupiday\/","og_locale":"nl_NL","og_type":"article","og_title":"Vakantiewoning - Iupi'Dag - Iupi","og_description":"Ontdek vakantiewoning Iupi'Day, gelegen in de buurt van Durbuy en zeker een oase van rust.","og_url":"https:\/\/www.iupi.be\/nl\/self-catering-iupiday\/","og_site_name":"Iupi","article_modified_time":"2025-07-11T15:21:06+00:00","twitter_card":"summary_large_image","schema":{"@context":"https:\/\/schema.org","@graph":[{"@type":"WebPage","@id":"https:\/\/www.iupi.be\/nl\/self-catering-iupiday\/","url":"https:\/\/www.iupi.be\/nl\/self-catering-iupiday\/","name":"Vakantiewoning - Iupi'Dag - Iupi","isPartOf":{"@id":"http:\/\/www.iupi.be\/nl\/#website"},"datePublished":"2025-06-12T07:43:30+00:00","dateModified":"2025-07-11T15:21:06+00:00","description":"Ontdek vakantiewoning Iupi'Day, gelegen in de buurt van Durbuy en zeker een oase van rust.","breadcrumb":{"@id":"https:\/\/www.iupi.be\/nl\/self-catering-iupiday\/#breadcrumb"},"inLanguage":"nl-NL","potentialAction":[{"@type":"ReadAction","target":["https:\/\/www.iupi.be\/nl\/self-catering-iupiday\/"]}]},{"@type":"BreadcrumbList","@id":"https:\/\/www.iupi.be\/nl\/self-catering-iupiday\/#breadcrumb","itemListElement":[{"@type":"ListItem","position":1,"name":"Accueil","item":"http:\/\/www.iupi.be\/nl\/"},{"@type":"ListItem","position":2,"name":"Vakantiewoning - Iupi&#8217;Dag"}]},{"@type":"WebSite","@id":"http:\/\/www.iupi.be\/nl\/#website","url":"http:\/\/www.iupi.be\/nl\/","name":"Iupi - G\u00eetes \u00e0 Durbuy","description":"Votre havre de paix \u00e0 Durbuy","publisher":{"@id":"http:\/\/www.iupi.be\/nl\/#organization"},"potentialAction":[{"@type":"SearchAction","target":{"@type":"EntryPoint","urlTemplate":"http:\/\/www.iupi.be\/nl\/?s={search_term_string}"},"query-input":{"@type":"PropertyValueSpecification","valueRequired":true,"valueName":"search_term_string"}}],"inLanguage":"nl-NL"},{"@type":"Organization","@id":"http:\/\/www.iupi.be\/nl\/#organization","name":"Iupi","url":"http:\/\/www.iupi.be\/nl\/","logo":{"@type":"ImageObject","inLanguage":"nl-NL","@id":"http:\/\/www.iupi.be\/nl\/#\/schema\/logo\/image\/","url":"https:\/\/www.iupi.be\/wp-content\/uploads\/2025\/01\/Iupi_Logo_couleurs.png","contentUrl":"https:\/\/www.iupi.be\/wp-content\/uploads\/2025\/01\/Iupi_Logo_couleurs.png","width":240,"height":303,"caption":"Iupi"},"image":{"@id":"http:\/\/www.iupi.be\/nl\/#\/schema\/logo\/image\/"}}]}},"_links":{"self":[{"href":"https:\/\/www.iupi.be\/nl\/wp-json\/wp\/v2\/pages\/581","targetHints":{"allow":["GET"]}}],"collection":[{"href":"https:\/\/www.iupi.be\/nl\/wp-json\/wp\/v2\/pages"}],"about":[{"href":"https:\/\/www.iupi.be\/nl\/wp-json\/wp\/v2\/types\/page"}],"author":[{"embeddable":true,"href":"https:\/\/www.iupi.be\/nl\/wp-json\/wp\/v2\/users\/2"}],"replies":[{"embeddable":true,"href":"https:\/\/www.iupi.be\/nl\/wp-json\/wp\/v2\/comments?post=581"}],"version-history":[{"count":1,"href":"https:\/\/www.iupi.be\/nl\/wp-json\/wp\/v2\/pages\/581\/revisions"}],"predecessor-version":[{"id":661,"href":"https:\/\/www.iupi.be\/nl\/wp-json\/wp\/v2\/pages\/581\/revisions\/661"}],"wp:attachment":[{"href":"https:\/\/www.iupi.be\/nl\/wp-json\/wp\/v2\/media?parent=581"}],"curies":[{"name":"wp","href":"https:\/\/api.w.org\/{rel}","templated":true}]}}